{"id":737,"date":"2025-06-03T15:21:30","date_gmt":"2025-06-03T08:21:30","guid":{"rendered":"https:\/\/soulsenses-spa.com\/phong-xong-hoi-bang-da-muoi-himalaya\/"},"modified":"2025-06-04T16:53:14","modified_gmt":"2025-06-04T09:53:14","slug":"phong-xong-hoi-bang-da-muoi-himalaya","status":"publish","type":"page","link":"https:\/\/soulsenses-spa.com\/vi\/phong-xong-hoi-bang-da-muoi-himalaya\/","title":{"rendered":"Ph\u00f2ng x\u00f4ng h\u01a1i b\u1eb1ng \u0111\u00e1 mu\u1ed1i Himalaya"},"content":{"rendered":"","protected":false},"excerpt":{"rendered":"","protected":false},"author":1,"featured_media":0,"parent":0,"menu_order":0,"comment_status":"closed","ping_status":"closed","template":"","meta":{"_seopress_robots_primary_cat":"","_seopress_titles_title":"Kh\u00e1m ph\u00e1 l\u1ee3i \u00edch c\u1ee7a ph\u00f2ng x\u00f4ng h\u01a1i mu\u1ed1i Himalaya","_seopress_titles_desc":"Kh\u00e1m ph\u00e1 ph\u00f2ng x\u00f4ng h\u01a1i mu\u1ed1i Himalaya c\u1ee7a ch\u00fang t\u00f4i, n\u01a1i b\u1ea1n th\u01b0 gi\u00e3n v\u00e0 nh\u1eadn l\u1ee3i \u00edch s\u1ee9c kh\u1ecfe to\u00e0n di\u1ec7n v\u1edbi v\u1ebb \u0111\u1eb9p t\u1ef1 nhi\u00ean \u0111\u1ea7y li\u1ec7u ph\u00e1p.","_seopress_robots_index":"","iawp_total_views":0,"footnotes":""},"class_list":["post-737","page","type-page","status-publish"],"_links":{"self":[{"href":"https:\/\/soulsenses-spa.com\/vi\/wp-json\/wp\/v2\/pages\/737","targetHints":{"allow":["GET"]}}],"collection":[{"href":"https:\/\/soulsenses-spa.com\/vi\/wp-json\/wp\/v2\/pages"}],"about":[{"href":"https:\/\/soulsenses-spa.com\/vi\/wp-json\/wp\/v2\/types\/page"}],"author":[{"embeddable":true,"href":"https:\/\/soulsenses-spa.com\/vi\/wp-json\/wp\/v2\/users\/1"}],"replies":[{"embeddable":true,"href":"https:\/\/soulsenses-spa.com\/vi\/wp-json\/wp\/v2\/comments?post=737"}],"version-history":[{"count":0,"href":"https:\/\/soulsenses-spa.com\/vi\/wp-json\/wp\/v2\/pages\/737\/revisions"}],"wp:attachment":[{"href":"https:\/\/soulsenses-spa.com\/vi\/wp-json\/wp\/v2\/media?parent=737"}],"curies":[{"name":"wp","href":"https:\/\/api.w.org\/{rel}","templated":true}]}}