{"id":709,"date":"2025-06-02T23:17:11","date_gmt":"2025-06-02T16:17:11","guid":{"rendered":"https:\/\/soulsenses-spa.com\/dat-ngay\/"},"modified":"2026-03-16T21:06:15","modified_gmt":"2026-03-16T14:06:15","slug":"dat-ngay","status":"publish","type":"page","link":"https:\/\/soulsenses-spa.com\/vi\/dat-ngay\/","title":{"rendered":"\u0110\u1eb7t ngay"},"content":{"rendered":"\n<h2 class=\"wp-block-heading has-text-align-center text-l\">Ch\u00e0o m\u1eebng \u0111\u1ebfn v\u1edbi d\u1ecbch v\u1ee5 \u0111\u1eb7t ch\u1ed7 c\u1ee7a ch\u00fang t\u00f4i, h\u00e3y b\u1eaft \u0111\u1ea7u h\u00e0nh tr\u00ecnh th\u01b0 gi\u00e3n c\u1ee7a b\u1ea1n v\u1edbi <br\/>SoulSenses Spa v\u00e0 Sauna Nha Trang t\u1ea1i \u0111\u00e2y!<\/h2>\n\n<div style=\"height:25px\" aria-hidden=\"true\" class=\"wp-block-spacer\"><\/div>\n\n<p><strong><script type=\"text\/javascript\">\n    (function (win, fn) {\n        var done = false, top = true,\n            doc = win.document,\n            root = doc.documentElement,\n            modern = doc.addEventListener,\n            add = modern ? 'addEventListener' : 'attachEvent',\n            rem = modern ? 'removeEventListener' : 'detachEvent',\n            pre = modern ? '' : 'on',\n            init = function (e) {\n                if (e.type == 'readystatechange') if (doc.readyState != 'complete') return;\n                (e.type == 'load' ? win : doc)[rem](pre + e.type, init, false);\n                if (!done) {\n                    done = true;\n                    fn.call(win, e.type || e);\n                }\n            },\n            poll = function () {\n                try {\n                    root.doScroll('left');\n                } catch (e) {\n                    setTimeout(poll, 50);\n                    return;\n                }\n                init('poll');\n            };\n        if (doc.readyState == 'complete') fn.call(win, 'lazy');\n        else {\n            if (!modern) if (root.doScroll) {\n                try {\n                    top = !win.frameElement;\n                } catch (e) {\n                }\n                if (top) poll();\n            }\n            doc[add](pre + 'DOMContentLoaded', init, false);\n            doc[add](pre + 'readystatechange', init, false);\n            win[add](pre + 'load', init, false);\n        }\n    })(window, function () {\n        window.BooklyServicesForm.showForm(\"bookly-services-form-my-form\", \"bookly-services-form-my-form-69d624ab7afe7\", {\"main_color\":\"#00796b\",\"service_card_width\":260,\"service_header_height\":120,\"staff_card_width\":260,\"hide_borders\":false,\"show_book_more\":true,\"show_qr_code\":true,\"show_calendar\":true,\"show_services_filter\":true,\"show_staff_filter\":true,\"show_staff_rating\":false,\"show_timezone\":false,\"show_receipt_on_cart\":true,\"show_receipt_on_payment\":true,\"skip_cart_step\":false,\"use_cart_local_storage\":true,\"default_service\":null,\"default_staff\":null,\"service_card_show_badge\":true,\"package_card_show_badge\":true,\"gift_card_show_badge\":true,\"services_fields_order\":[\"service\",\"duration\",\"price\",\"staff\"],\"services_fields_show\":[\"service\",\"duration\",\"price\"],\"packages_fields_order\":[\"package\",\"service\",\"duration\",\"price\",\"staff\"],\"packages_fields_show\":[\"package\",\"service\",\"duration\",\"price\"],\"gift_cards_fields_order\":[\"title\",\"price\"],\"gift_cards_fields_show\":[\"title\",\"price\"],\"show_first_slot_only\":false,\"show_gift_cards\":true,\"show_add_to_calendar\":false,\"show_slot_info\":false,\"sell_services\":true,\"sell_gift_cards\":false,\"full_name_required\":true,\"first_name_required\":true,\"last_name_required\":true,\"email_required\":true,\"phone_required\":true,\"address_required\":false,\"birthday_required\":false,\"verify_credentials\":false,\"show_summary_service\":true,\"show_summary_staff\":true,\"show_summary_date\":true,\"show_summary_price\":true,\"show_blocked_slots\":false,\"show_change_date\":false,\"initial_view\":\"form\",\"hidden_services\":[],\"hidden_gift_cards\":[],\"details_fields_order\":[\"text\",\"full_name\",\"first_name\",\"last_name\",\"email\",\"phone\",\"address\",\"notes\",\"birthday\",\"terms\",\"google_maps\",\"custom_fields\"],\"details_fields_width\":{\"text\":12,\"full_name\":12,\"first_name\":6,\"last_name\":6,\"email\":6,\"phone\":6,\"google_maps\":12,\"address\":12,\"notes\":12,\"birthday\":12,\"terms\":12,\"custom_fields\":[]},\"details_fields_show\":[\"text\",\"first_name\",\"last_name\",\"email\",\"phone\",\"custom_fields\",\"notes\"],\"cards_display_mode\":\"with_slots\",\"available_dates\":\"schedule\",\"show_services_mode\":\"no_any\",\"address\":{\"order\":[\"country\",\"state\",\"postcode\",\"city\",\"street\",\"street_number\",\"additional_address\"],\"show\":[\"country\",\"state\",\"postcode\",\"city\",\"street\",\"street_number\",\"additional_address\"],\"labels\":{\"country\":\"Country\",\"state\":\"State\\\/Region\",\"postcode\":\"Postal Code\",\"city\":\"City\",\"street\":\"Street Address\",\"street_number\":\"Street Number\",\"additional_address\":\"Additional Address\"}},\"l10n\":{\"steps\":{\"calendar\":\"Start\",\"extras\":\"Extras\",\"slots\":\"Th\\u1eddi gian\",\"cart\":\"Cart\",\"details\":\"Chi ti\\u1ebft\",\"payment\":\"Thanh to\\u00e1n\",\"done\":\"Finish\"},\"steps_descriptions\":{\"calendar\":\"Ch\\u1ecdn d\\u1ecbch v\\u1ee5\",\"extras\":\"Add extras\",\"slots\":\"Select time slot\",\"cart\":\"Check cart\",\"details\":\"Your information\",\"payment\":\"Make purchase\",\"done\":\"Ho\\u00e0n th\\u00e0nh\"},\"address_label\":\"Address\",\"address_placeholders\":{\"country\":\"Country\",\"state\":\"State\\\/Region\",\"postcode\":\"Postal Code\",\"city\":\"City\",\"street\":\"Street Address\",\"street_number\":\"Street Number\",\"additional_address\":\"Additional Address\"},\"notes\":\"Notes\",\"birthday\":\"Birthday\",\"staff\":\"Staff\",\"any_staff\":\"B\\u1ea5t k\\u1ef3\",\"service\":\"D\\u1ecbch v\\u1ee5\",\"gift_card\":\"Gift card\",\"gift_card_title\":\"Gift card\",\"date\":\"Date\",\"time\":\"Th\\u1eddi gian\",\"price\":\"Price\",\"next\":\"Ti\\u1ebfp theo\",\"back\":\"Quay l\\u1ea1i\",\"select_service\":\"Ch\\u1ecdn d\\u1ecbch v\\u1ee5\",\"select_staff\":\"B\\u1ea5t k\\u1ef3\",\"book_now\":\"Book now\",\"buy_now\":\"Buy now\",\"book_more\":\"Book more\",\"close\":\"Close\",\"full_name\":\"H\\u1ecd v\\u00e0 t\\u00ean \\u0111\\u1ea7y \\u0111\\u1ee7\",\"full_name_error_required\":\"Required\",\"first_name\":\"H\\u1ecd\",\"first_name_error_required\":\"Required\",\"last_name\":\"H\\u1ecd\",\"last_name_error_required\":\"Required\",\"email\":\"Email\",\"email_error_required\":\"Required\",\"phone\":\"\\u0110i\\u1ec7n tho\\u1ea1i\",\"phone_error_required\":\"Required\",\"address_field_required\":\"Required\",\"birthday_error_required\":\"Required\",\"no_slots\":\"No time slots available\",\"slot_not_available\":\"Slot already booked\",\"no_results\":\"No results found\",\"nop\":\"Number of persons\",\"booking_success\":\"Thank you!\",\"booking_error\":\"Oops!\",\"booking_completed\":\"Your booking is complete.\",\"order_id\":\"Your order number\",\"gift_card_booking_completed\":\"Your gift card has been created.\",\"processing\":\"Your payment has been accepted for processing.\",\"group_skip_payment\":\"Payment has been skipped.\",\"payment_impossible\":\"No payment methods available. Please contact service provider.\",\"appointments_limit_reached\":\"B\\u1ea1n \\u0111ang s\\u1eed d\\u1ee5ng d\\u1ecbch v\\u1ee5 qu\\u00e1 nhi\\u1ec1u l\\u1ea7n. Vui l\\u00f2ng li\\u00ean h\\u1ec7 v\\u1edbi ch\\u00fang t\\u00f4i \\u0111\\u1ec3 \\u0111\\u1eb7t l\\u1ecbch h\\u1eb9n.\",\"terms_text\":\"I agree to the terms of service\",\"text_calendar\":\"Vui l\\u00f2ng ch\\u1ecdn d\\u1ecbch v\\u1ee5.\",\"text_extras\":\"Select the Extras you'd like (Multiple Selection)\",\"text_slots\":\"Click on a time slot to proceed with booking\",\"text_details\":\"Please provide your details in the form below to proceed with the booking\",\"text_payment\":\"Please tell us how you would like to pay\",\"gift_card_label\":\"Gift card\",\"gift_card_button\":\"\\u0110\\u0103ng k\\u00fd\",\"gift_card_text\":\"Your gift card code if you have one\",\"gift_card_expired\":\"This gift card has expired\",\"gift_card_invalid\":\"This gift card cannot be used for the current order\",\"gift_card_low_balance\":\"Gift card balance is not enough\",\"gift_card_not_found\":\"Gift card not found\",\"timezone\":\"Your time zone\",\"select_city\":\"Select city\",\"add_to_calendar\":\"Th\\u00eam v\\u00e0o l\\u1ecbch\",\"total\":\"Total\",\"sub_total\":\"Subtotal\",\"discount\":\"Discount\",\"to_pay\":\"Amount to pay\",\"verify_code\":\"Verification code\",\"verify_email\":\"Enter verification code from email\",\"verify_phone\":\"Enter verification code from SMS\",\"verify_resend\":\"Resend code\",\"verify_apply\":\"\\u0110\\u0103ng k\\u00fd\",\"verify_code_incorrect\":\"M\\u00e3 x\\u00e1c minh kh\\u00f4ng ch\\u00ednh x\\u00e1c\",\"cart_item_not_available\":\"The selected time is not available anymore\",\"initial_view_button_title\":\"View\",\"categories\":\"C\\u00e1c danh m\\u1ee5c\",\"text_categories\":\"Vui l\\u00f2ng ch\\u1ecdn m\\u1ed9t danh m\\u1ee5c.\",\"text_services\":\"Vui l\\u00f2ng ch\\u1ecdn d\\u1ecbch v\\u1ee5.\",\"more\":\"+%d more\",\"payment_system_local\":\"T\\u00f4i s\\u1ebd thanh to\\u00e1n t\\u1ea1i \\u0111\\u1ecba ph\\u01b0\\u01a1ng.\"},\"type\":\"services-form\",\"category_card_width\":300,\"category_header_height\":150,\"category_body_height\":150,\"step_service_card_width\":300,\"step_service_card_header_height\":150,\"step_service_card_body_height\":150,\"categories_list\":null,\"services_list\":[\"1\",\"2\",\"3\",\"4\",\"5\",\"6\",\"7\",\"10\",\"11\",\"12\",\"13\",\"14\",\"15\",\"16\",\"17\",\"18\",\"19\",\"23\",\"20\",\"21\",\"22\",\"24\",\"25\",\"26\",\"27\"],\"skip_categories_step\":false,\"skip_services_step\":true,\"staff_any\":false,\"name\":\"My form\",\"events_any\":false,\"services_any\":false,\"custom_css\":\"\",\"token\":\"my-form\"});\n    });\n    var ajaxurl = \"https:\/\/soulsenses-spa.com\/wp-admin\/admin-ajax.php?lang=vi\";\n<\/script>\n<style>\n    .bookly-services-form-my-form-69d624ab7afe7 {\n        --bookly-color: #00796b;\n    }\n\n    :root {\n        --bookly-flags-url: url(https:\/\/soulsenses-spa.com\/wp-content\/plugins\/bookly-responsive-appointment-booking-tool\/frontend\/resources\/images\/flags.png);\n        --bookly-flags2x-url: url(https:\/\/soulsenses-spa.com\/wp-content\/plugins\/bookly-responsive-appointment-booking-tool\/frontend\/resources\/images\/flags@2x.png);\n        --rtl-phone-align: left;\n    }\n<\/style>\n<div id=\"bookly-services-form-my-form-69d624ab7afe7\" class=\"bookly-services-form-container bookly-services-form-my-form-69d624ab7afe7\"><\/div><\/strong><br\/><br\/><br\/><br\/><br\/><\/p>\n\n<div style=\"height:25px\" aria-hidden=\"true\" class=\"wp-block-spacer\"><\/div>\n","protected":false},"excerpt":{"rendered":"<p>Ch\u00e0o m\u1eebng \u0111\u1ebfn v\u1edbi d\u1ecbch v\u1ee5 \u0111\u1eb7t ch\u1ed7 c\u1ee7a ch\u00fang t\u00f4i, h\u00e3y b\u1eaft \u0111\u1ea7u h\u00e0nh tr\u00ecnh th\u01b0 gi\u00e3n c\u1ee7a b\u1ea1n v\u1edbi SoulSenses Spa v\u00e0 Sauna Nha Trang t\u1ea1i \u0111\u00e2y!<\/p>\n","protected":false},"author":1,"featured_media":0,"parent":0,"menu_order":0,"comment_status":"closed","ping_status":"closed","template":"","meta":{"_seopress_robots_primary_cat":"","_seopress_titles_title":"Th\u01b0 gi\u00e3n t\u1ea1i SoulSenses Spa - \u0110\u1eb7t l\u1ecbch h\u1eb9n ngay h\u00f4m nay","_seopress_titles_desc":"\u0110\u1eb7t l\u1ecbch cho ng\u00e0y spa th\u01b0 gi\u00e3n t\u1ea1i SoulSenses Spa and Sauna. Tr\u1ea3i nghi\u1ec7m s\u1ef1 th\u01b0 gi\u00e3n v\u1edbi c\u00e1c li\u1ec7u ph\u00e1p h\u00e0ng \u0111\u1ea7u c\u1ee7a ch\u00fang t\u00f4i. \u0110\u1eb7t l\u1ecbch h\u1eb9n tr\u1ef1c tuy\u1ebfn ngay h\u00f4m nay!  ","_seopress_robots_index":"","iawp_total_views":2,"footnotes":""},"class_list":["post-709","page","type-page","status-publish"],"_links":{"self":[{"href":"https:\/\/soulsenses-spa.com\/vi\/wp-json\/wp\/v2\/pages\/709","targetHints":{"allow":["GET"]}}],"collection":[{"href":"https:\/\/soulsenses-spa.com\/vi\/wp-json\/wp\/v2\/pages"}],"about":[{"href":"https:\/\/soulsenses-spa.com\/vi\/wp-json\/wp\/v2\/types\/page"}],"author":[{"embeddable":true,"href":"https:\/\/soulsenses-spa.com\/vi\/wp-json\/wp\/v2\/users\/1"}],"replies":[{"embeddable":true,"href":"https:\/\/soulsenses-spa.com\/vi\/wp-json\/wp\/v2\/comments?post=709"}],"version-history":[{"count":2,"href":"https:\/\/soulsenses-spa.com\/vi\/wp-json\/wp\/v2\/pages\/709\/revisions"}],"predecessor-version":[{"id":2818,"href":"https:\/\/soulsenses-spa.com\/vi\/wp-json\/wp\/v2\/pages\/709\/revisions\/2818"}],"wp:attachment":[{"href":"https:\/\/soulsenses-spa.com\/vi\/wp-json\/wp\/v2\/media?parent=709"}],"curies":[{"name":"wp","href":"https:\/\/api.w.org\/{rel}","templated":true}]}}