{"id":706,"date":"2025-05-26T03:27:56","date_gmt":"2025-05-25T20:27:56","guid":{"rendered":"https:\/\/soulsenses-spa.com\/su-tiep-xuc\/"},"modified":"2025-06-06T17:14:29","modified_gmt":"2025-06-06T10:14:29","slug":"su-tiep-xuc","status":"publish","type":"page","link":"https:\/\/soulsenses-spa.com\/vi\/su-tiep-xuc\/","title":{"rendered":"S\u1ef1 ti\u1ebfp x\u00fac"},"content":{"rendered":"","protected":false},"excerpt":{"rendered":"","protected":false},"author":1,"featured_media":0,"parent":0,"menu_order":0,"comment_status":"closed","ping_status":"closed","template":"","meta":{"_seopress_robots_primary_cat":"","_seopress_titles_title":"Th\u01b0 gi\u00e3n v\u00e0 t\u00e1i t\u1ea1o n\u0103ng l\u01b0\u1ee3ng t\u1ea1i Spa SoulSenses \u1edf Nha Trang","_seopress_titles_desc":"Li\u00ean h\u1ec7 v\u1edbi SoulSenses Spa t\u1ea1i Nha Trang \u0111\u1ec3 tr\u1ea3i nghi\u1ec7m d\u1ecbch v\u1ee5 massage t\u00e1i t\u1ea1o n\u0103ng l\u01b0\u1ee3ng v\u00e0 x\u00f4ng h\u01a1i. M\u1edf c\u1eeda h\u00e0ng ng\u00e0y t\u1eeb 09:30 s\u00e1ng \u0111\u1ebfn 11:30 t\u1ed1i. ","_seopress_robots_index":"","iawp_total_views":1,"footnotes":""},"class_list":["post-706","page","type-page","status-publish"],"_links":{"self":[{"href":"https:\/\/soulsenses-spa.com\/vi\/wp-json\/wp\/v2\/pages\/706","targetHints":{"allow":["GET"]}}],"collection":[{"href":"https:\/\/soulsenses-spa.com\/vi\/wp-json\/wp\/v2\/pages"}],"about":[{"href":"https:\/\/soulsenses-spa.com\/vi\/wp-json\/wp\/v2\/types\/page"}],"author":[{"embeddable":true,"href":"https:\/\/soulsenses-spa.com\/vi\/wp-json\/wp\/v2\/users\/1"}],"replies":[{"embeddable":true,"href":"https:\/\/soulsenses-spa.com\/vi\/wp-json\/wp\/v2\/comments?post=706"}],"version-history":[{"count":0,"href":"https:\/\/soulsenses-spa.com\/vi\/wp-json\/wp\/v2\/pages\/706\/revisions"}],"wp:attachment":[{"href":"https:\/\/soulsenses-spa.com\/vi\/wp-json\/wp\/v2\/media?parent=706"}],"curies":[{"name":"wp","href":"https:\/\/api.w.org\/{rel}","templated":true}]}}