{"id":705,"date":"2025-06-03T15:21:03","date_gmt":"2025-06-03T08:21:03","guid":{"rendered":"https:\/\/soulsenses-spa.com\/dich-vu-massage\/"},"modified":"2025-06-16T15:54:32","modified_gmt":"2025-06-16T08:54:32","slug":"dich-vu-massage","status":"publish","type":"page","link":"https:\/\/soulsenses-spa.com\/vi\/dich-vu-massage\/","title":{"rendered":"D\u1ecbch v\u1ee5 massage"},"content":{"rendered":"","protected":false},"excerpt":{"rendered":"","protected":false},"author":1,"featured_media":0,"parent":0,"menu_order":0,"comment_status":"closed","ping_status":"closed","template":"","meta":{"_seopress_robots_primary_cat":"","_seopress_titles_title":"Th\u01b0 gi\u00e3n tuy\u1ec7t \u0111\u1ed1i v\u1edbi nh\u1eefng li\u1ec7u ph\u00e1p massage tr\u1ecb li\u1ec7u","_seopress_titles_desc":"Tr\u1ea3i nghi\u1ec7m s\u1ef1 th\u01b0 gi\u00e3n v\u1edbi c\u00e1c li\u1ec7u ph\u00e1p massage s\u00e2u v\u00e0 d\u1ec5 ch\u1ecbu. \u0110\u1eb7t l\u1ecbch ngay \u0111\u1ec3 gi\u1ea3m \u0111au, c\u1ea3i thi\u1ec7n kh\u1ea3 n\u0103ng di chuy\u1ec3n v\u00e0 t\u1eadn h\u01b0\u1edfng c\u00e1c li\u1ec7u ph\u00e1p to\u00e0n th\u00e2n. ","_seopress_robots_index":"","iawp_total_views":0,"footnotes":""},"class_list":["post-705","page","type-page","status-publish"],"_links":{"self":[{"href":"https:\/\/soulsenses-spa.com\/vi\/wp-json\/wp\/v2\/pages\/705","targetHints":{"allow":["GET"]}}],"collection":[{"href":"https:\/\/soulsenses-spa.com\/vi\/wp-json\/wp\/v2\/pages"}],"about":[{"href":"https:\/\/soulsenses-spa.com\/vi\/wp-json\/wp\/v2\/types\/page"}],"author":[{"embeddable":true,"href":"https:\/\/soulsenses-spa.com\/vi\/wp-json\/wp\/v2\/users\/1"}],"replies":[{"embeddable":true,"href":"https:\/\/soulsenses-spa.com\/vi\/wp-json\/wp\/v2\/comments?post=705"}],"version-history":[{"count":0,"href":"https:\/\/soulsenses-spa.com\/vi\/wp-json\/wp\/v2\/pages\/705\/revisions"}],"wp:attachment":[{"href":"https:\/\/soulsenses-spa.com\/vi\/wp-json\/wp\/v2\/media?parent=705"}],"curies":[{"name":"wp","href":"https:\/\/api.w.org\/{rel}","templated":true}]}}