{"id":703,"date":"2025-05-26T03:27:40","date_gmt":"2025-05-25T20:27:40","guid":{"rendered":"https:\/\/soulsenses-spa.com\/dich-vu\/"},"modified":"2025-12-02T06:42:31","modified_gmt":"2025-12-01T23:42:31","slug":"dich-vu","status":"publish","type":"page","link":"https:\/\/soulsenses-spa.com\/vi\/dich-vu\/","title":{"rendered":"D\u1ecbch v\u1ee5"},"content":{"rendered":"","protected":false},"excerpt":{"rendered":"","protected":false},"author":1,"featured_media":0,"parent":0,"menu_order":0,"comment_status":"closed","ping_status":"closed","template":"","meta":{"_seopress_robots_primary_cat":"","_seopress_titles_title":"T\u00e1i t\u1ea1o s\u1ee9c kh\u1ecfe v\u1edbi d\u1ecbch v\u1ee5 x\u00f4ng h\u01a1i v\u00e0 spa cho s\u1ee9c kh\u1ecfe to\u00e0n di\u1ec7n","_seopress_titles_desc":"H\u00e3y t\u1eadn h\u01b0\u1edfng tr\u1ea3i nghi\u1ec7m th\u01b0 gi\u00e3n v\u00e0 t\u00e1i t\u1ea1o n\u0103ng l\u01b0\u1ee3ng tuy\u1ec7t v\u1eddi t\u1ea1i spa c\u1ee7a ch\u00fang t\u00f4i v\u1edbi ph\u00f2ng x\u00f4ng h\u01a1i h\u1ed3ng ngo\u1ea1i, li\u1ec7u ph\u00e1p massage v\u00e0 c\u00e1c li\u1ec7u tr\u00ecnh ch\u0103m s\u00f3c da m\u1eb7t. Kh\u00e1m ph\u00e1 nh\u1eefng li\u1ec7u ph\u00e1p th\u01b0 gi\u00e3n t\u00e2m h\u1ed3n ngay h\u00f4m nay.","_seopress_robots_index":"","iawp_total_views":21,"footnotes":""},"class_list":["post-703","page","type-page","status-publish"],"_links":{"self":[{"href":"https:\/\/soulsenses-spa.com\/vi\/wp-json\/wp\/v2\/pages\/703","targetHints":{"allow":["GET"]}}],"collection":[{"href":"https:\/\/soulsenses-spa.com\/vi\/wp-json\/wp\/v2\/pages"}],"about":[{"href":"https:\/\/soulsenses-spa.com\/vi\/wp-json\/wp\/v2\/types\/page"}],"author":[{"embeddable":true,"href":"https:\/\/soulsenses-spa.com\/vi\/wp-json\/wp\/v2\/users\/1"}],"replies":[{"embeddable":true,"href":"https:\/\/soulsenses-spa.com\/vi\/wp-json\/wp\/v2\/comments?post=703"}],"version-history":[{"count":0,"href":"https:\/\/soulsenses-spa.com\/vi\/wp-json\/wp\/v2\/pages\/703\/revisions"}],"wp:attachment":[{"href":"https:\/\/soulsenses-spa.com\/vi\/wp-json\/wp\/v2\/media?parent=703"}],"curies":[{"name":"wp","href":"https:\/\/api.w.org\/{rel}","templated":true}]}}